{"id":4254,"date":"2024-05-01T20:48:35","date_gmt":"2024-05-01T18:48:35","guid":{"rendered":"https:\/\/www.louistourtin.com\/?post_type=product&#038;p=4254"},"modified":"2025-06-13T17:16:02","modified_gmt":"2025-06-13T15:16:02","slug":"rocacuta-rose","status":"publish","type":"product","link":"https:\/\/www.louistourtin.com\/en\/product\/rocacuta-rose\/","title":{"rendered":"Roc\u2019Acuta Ros\u00e9"},"content":{"rendered":"<div class=\"wpb-content-wrapper\"><div class=\"vc_row wpb_row vc_row-fluid vc_custom_1544454382664\" ><div class=\"wpb_column vc_column_container vc_col-sm-12\"><div class=\"vc_column-inner\"><div class=\"wpb_wrapper\"><div class=\"mkdf-section-title-holder  mkdf-st-standard mkdf-st-title-left mkdf-st-normal-space\" >\n\t<div class=\"mkdf-st-inner\">\n\t\t\t\t\t\t\t<h2 class=\"mkdf-st-title\" >\n\t\t\t\tTERROIR\t\t\t<\/h2>\n\t\t\t\t\t<\/div>\n<\/div>\n\t<div class=\"wpb_text_column wpb_content_element\" >\n\t\t<div class=\"wpb_wrapper\">\n\t\t\t<p>Les 34 ha de vignes du domaine d\u2019un seul tenant sont sur des sols du plioc\u00e8ne, constitu\u00e9s de d\u00e9p\u00f4ts alluviaux avec des sables, des graviers et des argiles avec un excellent drainage.<\/p>\n\n\t\t<\/div>\n\t<\/div>\n<\/div><\/div><\/div><\/div><div class=\"vc_row wpb_row vc_row-fluid vc_custom_1544454382664\" ><div class=\"wpb_column vc_column_container vc_col-sm-12\"><div class=\"vc_column-inner\"><div class=\"wpb_wrapper\"><div class=\"mkdf-section-title-holder  mkdf-st-standard mkdf-st-title-left mkdf-st-normal-space\" >\n\t<div class=\"mkdf-st-inner\">\n\t\t\t\t\t\t\t<h2 class=\"mkdf-st-title\" >\n\t\t\t\tVITICULTURE\t\t\t<\/h2>\n\t\t\t\t\t<\/div>\n<\/div>\n\t<div class=\"wpb_text_column wpb_content_element\" >\n\t\t<div class=\"wpb_wrapper\">\n\t\t\t<p>Anne, la vigneronne, conduit son vignoble en agriculture biologique et garde un enherbement un rang sur trois. Le rendement moyen est de 38 hl\/ha. Les vendanges sont m\u00e9canis\u00e9es et r\u00e9alis\u00e9es de nuit entre 22h et 4h. Les baies arrivent \u00e0 19\u00b0C pour retarder les d\u00e9parts de la fermentation alcoolique.<\/p>\n\n\t\t<\/div>\n\t<\/div>\n<\/div><\/div><\/div><\/div><div class=\"vc_row wpb_row vc_row-fluid vc_custom_1544454382664\" ><div class=\"wpb_column vc_column_container vc_col-sm-12\"><div class=\"vc_column-inner\"><div class=\"wpb_wrapper\"><div class=\"mkdf-section-title-holder  mkdf-st-standard mkdf-st-title-left mkdf-st-normal-space\" >\n\t<div class=\"mkdf-st-inner\">\n\t\t\t\t\t\t\t<h2 class=\"mkdf-st-title\" >\n\t\t\t\tVINIFICATION\t\t\t<\/h2>\n\t\t\t\t\t<\/div>\n<\/div>\n\t<div class=\"wpb_text_column wpb_content_element\" >\n\t\t<div class=\"wpb_wrapper\">\n\t\t\t<p>Harvest date: 23\/08<br \/>\nBottling date : 26\/03<br \/>\nDirect pressing. Protected with dry ice. Cold settling for 24 hours. Fermentation in stainless steel tanks at 14-15\u00b0C for about 2 weeks to preserve fruity aromas. Regular rackings, then the wine is filtered and stabilized before bottling.<\/p>\n\n\t\t<\/div>\n\t<\/div>\n<\/div><\/div><\/div><\/div><div class=\"vc_row wpb_row vc_row-fluid\" ><div class=\"wpb_column vc_column_container vc_col-sm-6\"><div class=\"vc_column-inner\"><div class=\"wpb_wrapper\"><div class=\"mkdf-progress-bar  mkdf-pb-percent-hidden\">\n\t<p class=\"mkdf-pb-title-holder\" >\n\t\t<span class=\"mkdf-pb-title\">Body<\/span>\n\t\t<span class=\"mkdf-pb-percent\">0<\/span>\n\t<\/p>\n\t<div class=\"mkdf-pb-content-holder\" >\n\t\t<div data-percentage=\"22\" class=\"mkdf-pb-content\" ><\/div>\n\t<\/div>\n<\/div><div class=\"vc_empty_space\"   style=\"height: 13px\"><span class=\"vc_empty_space_inner\"><\/span><\/div><div class=\"mkdf-progress-bar  mkdf-pb-percent-hidden\">\n\t<p class=\"mkdf-pb-title-holder\" >\n\t\t<span class=\"mkdf-pb-title\">Acidity<\/span>\n\t\t<span class=\"mkdf-pb-percent\">0<\/span>\n\t<\/p>\n\t<div class=\"mkdf-pb-content-holder\" >\n\t\t<div data-percentage=\"74\" class=\"mkdf-pb-content\" ><\/div>\n\t<\/div>\n<\/div><div class=\"vc_empty_space\"   style=\"height: 13px\"><span class=\"vc_empty_space_inner\"><\/span><\/div><\/div><\/div><\/div><div class=\"wpb_column vc_column_container vc_col-sm-6\"><div class=\"vc_column-inner\"><div class=\"wpb_wrapper\"><div class=\"mkdf-progress-bar  mkdf-pb-percent-hidden\">\n\t<p class=\"mkdf-pb-title-holder\" >\n\t\t<span class=\"mkdf-pb-title\">Tannins<\/span>\n\t\t<span class=\"mkdf-pb-percent\">0<\/span>\n\t<\/p>\n\t<div class=\"mkdf-pb-content-holder\" >\n\t\t<div data-percentage=\"1\" class=\"mkdf-pb-content\" ><\/div>\n\t<\/div>\n<\/div><div class=\"vc_empty_space\"   style=\"height: 13px\"><span class=\"vc_empty_space_inner\"><\/span><\/div><div class=\"mkdf-progress-bar  mkdf-pb-percent-hidden\">\n\t<p class=\"mkdf-pb-title-holder\" >\n\t\t<span class=\"mkdf-pb-title\">Fruit<\/span>\n\t\t<span class=\"mkdf-pb-percent\">0<\/span>\n\t<\/p>\n\t<div class=\"mkdf-pb-content-holder\" >\n\t\t<div data-percentage=\"89\" class=\"mkdf-pb-content\" ><\/div>\n\t<\/div>\n<\/div><div class=\"vc_empty_space\"   style=\"height: 13px\"><span class=\"vc_empty_space_inner\"><\/span><\/div><\/div><\/div><\/div><\/div><div class=\"vc_row wpb_row vc_row-fluid\" ><div class=\"wpb_column vc_column_container vc_col-sm-12\"><div class=\"vc_column-inner\"><div class=\"wpb_wrapper\"><div class=\"vc_empty_space\"   style=\"height: 32px\"><span class=\"vc_empty_space_inner\"><\/span><\/div><a itemprop=\"url\" href=\"https:\/\/www.louistourtin.com\/wp-content\/uploads\/2024\/05\/RocAcuta-Rose-2023-EN.pdf\" target=\"_blank\"  class=\"mkdf-btn mkdf-btn-large mkdf-btn-solid mkdf-btn-icon\"  >\n    <span class=\"mkdf-btn-text\">Download the Technical Sheet<\/span>\n    <i class=\"mkdf-icon-font-awesome fa fa-download\" ><\/i><\/a><\/div><\/div><\/div><\/div>\n<\/div>","protected":false},"excerpt":{"rendered":"<p>Latin name of the locality in 1236, Roca Acuta, which means \"Sharp Rock\"<\/p>","protected":false},"featured_media":4510,"comment_status":"open","ping_status":"closed","template":"","meta":[],"product_brand":[],"product_cat":[57],"product_tag":[71,77,73,88],"class_list":{"0":"post-4254","1":"product","2":"type-product","3":"status-publish","4":"has-post-thumbnail","6":"product_cat-rose","7":"product_tag-bio","8":"product_tag-cotes-du-rhone","9":"product_tag-grenache","10":"product_tag-rose","12":"first","13":"instock","14":"shipping-taxable","15":"purchasable","16":"product-type-simple"},"_links":{"self":[{"href":"https:\/\/www.louistourtin.com\/en\/wp-json\/wp\/v2\/product\/4254","targetHints":{"allow":["GET"]}}],"collection":[{"href":"https:\/\/www.louistourtin.com\/en\/wp-json\/wp\/v2\/product"}],"about":[{"href":"https:\/\/www.louistourtin.com\/en\/wp-json\/wp\/v2\/types\/product"}],"replies":[{"embeddable":true,"href":"https:\/\/www.louistourtin.com\/en\/wp-json\/wp\/v2\/comments?post=4254"}],"wp:featuredmedia":[{"embeddable":true,"href":"https:\/\/www.louistourtin.com\/en\/wp-json\/wp\/v2\/media\/4510"}],"wp:attachment":[{"href":"https:\/\/www.louistourtin.com\/en\/wp-json\/wp\/v2\/media?parent=4254"}],"wp:term":[{"taxonomy":"product_brand","embeddable":true,"href":"https:\/\/www.louistourtin.com\/en\/wp-json\/wp\/v2\/product_brand?post=4254"},{"taxonomy":"product_cat","embeddable":true,"href":"https:\/\/www.louistourtin.com\/en\/wp-json\/wp\/v2\/product_cat?post=4254"},{"taxonomy":"product_tag","embeddable":true,"href":"https:\/\/www.louistourtin.com\/en\/wp-json\/wp\/v2\/product_tag?post=4254"}],"curies":[{"name":"wp","href":"https:\/\/api.w.org\/{rel}","templated":true}]}}