{"id":516,"date":"2018-12-04T10:20:04","date_gmt":"2018-12-04T10:20:04","guid":{"rendered":"https:\/\/thelma.qodeinteractive.com\/?page_id=516"},"modified":"2025-03-04T13:08:01","modified_gmt":"2025-03-04T12:08:01","slug":"le-domaine","status":"publish","type":"page","link":"https:\/\/www.louistourtin.com\/en\/le-domaine\/","title":{"rendered":"The Estate"},"content":{"rendered":"<div class=\"wpb-content-wrapper\"><div class=\"mkdf-row-grid-section-wrapper\"  ><div class=\"mkdf-row-grid-section\"><div class=\"vc_row wpb_row vc_row-fluid vc_custom_1543488996481\" ><div class=\"wpb_column vc_column_container vc_col-sm-12 vc_col-lg-offset-2 vc_col-lg-8 vc_col-md-offset-1 vc_col-md-10 vc_col-sm-offset-0 vc_col-xs-12\"><div class=\"vc_column-inner\"><div class=\"wpb_wrapper\"><div class=\"mkdf-section-title-holder  mkdf-st-standard mkdf-st-title-left mkdf-st-normal-space\" >\n\t<div class=\"mkdf-st-inner\">\n\t\t\t\t\t<span class=\"mkdf-st-subtitle\" >\n\t\t\t\tRh\u00f4ne Valley\t\t\t<\/span>\n\t\t\t\t\t\t\t<h2 class=\"mkdf-st-title\" >\n\t\t\t\tAn exceptional terroir in continuous evolution\t\t\t<\/h2>\n\t\t\t\t\t\t\t<h4 class=\"mkdf-st-text\" >\n\t\t\t\tLocated in Rochegude, in the Dr\u00f4me department (26), Domaine du Gourget enjoys a privileged location, just twenty kilometers northeast of Orange. In the heart of the iconic landscapes of the southern C\u00f4tes du Rh\u00f4ne, the estate stretches between the majestic Rh\u00f4ne to the west and the picturesque foothills of Mont Ventoux to the east, offering an exceptional viticultural setting.\t\t\t<\/h4>\n\t\t\t<\/div>\n<\/div><\/div><\/div><\/div><\/div><\/div><\/div><div class=\"vc_row wpb_row vc_row-fluid mkdf-content-aligment-right\" ><div class=\"wpb_column vc_column_container vc_col-sm-12\"><div class=\"vc_column-inner\"><div class=\"wpb_wrapper\"><div class=\"mkdf-elements-holder   mkdf-one-column  mkdf-responsive-mode-768\" ><div class=\"mkdf-eh-item   mkdf-horizontal-alignment-right\"  data-item-class=\"mkdf-eh-custom-4582\" data-1367-1600=\"0px 0px 0px 170px\" data-1025-1366=\"0px 0px 0px 170px\" data-769-1024=\"0px 0px 0px 100px\" data-681-768=\"0px 0px 0px 72px\" data-680=\"0px 0px 0px 29px\">\n\t<div class=\"mkdf-eh-item-inner\">\n\t\t<div class=\"mkdf-eh-item-content mkdf-eh-custom-4582\" style=\"padding: 0px 0px 0px 312px\">\n\t\t\t<div class=\"mkdf-single-image-holder\">\n    <div class=\"mkdf-si-inner\" >\n                                    <img loading=\"lazy\" decoding=\"async\" width=\"1800\" height=\"840\" src=\"https:\/\/www.louistourtin.com\/wp-content\/uploads\/2024\/05\/Le-domaine-Louis-Tourtin.jpg\" class=\"attachment-full size-full\" alt=\"Le domaine Louis Tourtin\" srcset=\"https:\/\/www.louistourtin.com\/wp-content\/uploads\/2024\/05\/Le-domaine-Louis-Tourtin.jpg 1800w, https:\/\/www.louistourtin.com\/wp-content\/uploads\/2024\/05\/Le-domaine-Louis-Tourtin-600x280.jpg 600w, https:\/\/www.louistourtin.com\/wp-content\/uploads\/2024\/05\/Le-domaine-Louis-Tourtin-300x140.jpg 300w, https:\/\/www.louistourtin.com\/wp-content\/uploads\/2024\/05\/Le-domaine-Louis-Tourtin-1024x478.jpg 1024w, https:\/\/www.louistourtin.com\/wp-content\/uploads\/2024\/05\/Le-domaine-Louis-Tourtin-768x358.jpg 768w, https:\/\/www.louistourtin.com\/wp-content\/uploads\/2024\/05\/Le-domaine-Louis-Tourtin-1536x717.jpg 1536w\" sizes=\"auto, (max-width: 1800px) 100vw, 1800px\" \/>                        <\/div>\n<\/div>\t\t<\/div>\n\t<\/div>\n<\/div><\/div><\/div><\/div><\/div><\/div><div class=\"mkdf-row-grid-section-wrapper\"  ><div class=\"mkdf-row-grid-section\"><div class=\"vc_row wpb_row vc_row-fluid vc_custom_1543920249799\" ><div class=\"wpb_column vc_column_container vc_col-sm-8\"><div class=\"vc_column-inner\"><div class=\"wpb_wrapper\"><div class=\"mkdf-elements-holder   mkdf-one-column  mkdf-responsive-mode-768\" ><div class=\"mkdf-eh-item\"  data-item-class=\"mkdf-eh-custom-9418\" data-1025-1366=\"0px 0px 0px 187px\" data-769-1024=\"0px 0px 0px 68px\" data-681-768=\"0px 0px 0px 0px\" data-680=\"0px 0px 0px 0px\">\n\t<div class=\"mkdf-eh-item-inner\">\n\t\t<div class=\"mkdf-eh-item-content mkdf-eh-custom-9418\" style=\"padding: 0px 0px 0px 222px\">\n\t\t\t<div class=\"mkdf-section-title-holder  mkdf-st-standard mkdf-st-title-left mkdf-st-normal-space mkdf-st-disable-title-break\" >\n\t<div class=\"mkdf-st-inner\">\n\t\t\t\t\t<span class=\"mkdf-st-subtitle\" >\n\t\t\t\tOur Terroir\t\t\t<\/span>\n\t\t\t\t\t\t\t<h2 class=\"mkdf-st-title\" >\n\t\t\t\tA Terroir influenced by<br \/> the mediterranean climate\t\t\t<\/h2>\n\t\t\t\t\t\t\t<h4 class=\"mkdf-st-text\" >\n\t\t\t\tThe Mediterranean climate, characterized by hot and dry summers, shapes the unique character of our wines. The generally mild and gentle winter also contributes to the excellence of our vineyard. The presence of the mistral, a powerful and invigorating wind, naturally regulates humidity and promotes the health of the vines, thereby enhancing the quality of our grape varieties.\t\t\t<\/h4>\n\t\t\t<\/div>\n<\/div>\t\t<\/div>\n\t<\/div>\n<\/div><\/div><\/div><\/div><\/div><div class=\"wpb_column vc_column_container vc_col-sm-4\"><div class=\"vc_column-inner\"><div class=\"wpb_wrapper\"><div class=\"mkdf-elements-holder   mkdf-one-column  mkdf-responsive-mode-768\" ><div class=\"mkdf-eh-item\"  data-item-class=\"mkdf-eh-custom-7499\" data-680=\"60px 0px 0px 0px\">\n\t<div class=\"mkdf-eh-item-inner\">\n\t\t<div class=\"mkdf-eh-item-content mkdf-eh-custom-7499\" style=\"padding: 15px 0px 0px 0px\">\n\t\t\t<div class=\"mkdf-single-image-holder\">\n    <div class=\"mkdf-si-inner\" >\n                                    <img loading=\"lazy\" decoding=\"async\" width=\"384\" height=\"600\" src=\"https:\/\/www.louistourtin.com\/wp-content\/uploads\/2024\/05\/CDR_villages_rochegude_carte.png\" class=\"attachment-full size-full\" alt=\"CDR_villages_rochegude_carte\" srcset=\"https:\/\/www.louistourtin.com\/wp-content\/uploads\/2024\/05\/CDR_villages_rochegude_carte.png 384w, https:\/\/www.louistourtin.com\/wp-content\/uploads\/2024\/05\/CDR_villages_rochegude_carte-192x300.png 192w\" sizes=\"auto, (max-width: 384px) 100vw, 384px\" \/>                        <\/div>\n<\/div>\t\t<\/div>\n\t<\/div>\n<\/div><\/div><\/div><\/div><\/div><\/div><\/div><\/div><div class=\"vc_row wpb_row vc_row-fluid mkdf-content-aligment-right\" ><div class=\"wpb_column vc_column_container vc_col-sm-12\"><div class=\"vc_column-inner\"><div class=\"wpb_wrapper\"><div class=\"mkdf-elements-holder   mkdf-one-column  mkdf-responsive-mode-768\" ><div class=\"mkdf-eh-item   mkdf-horizontal-alignment-right\"  data-item-class=\"mkdf-eh-custom-1693\" data-1367-1600=\"0px 0px 0px 170px\" data-1025-1366=\"0px 0px 0px 170px\" data-769-1024=\"0px 0px 0px 100px\" data-681-768=\"0px 0px 0px 72px\" data-680=\"0px 0px 0px 29px\">\n\t<div class=\"mkdf-eh-item-inner\">\n\t\t<div class=\"mkdf-eh-item-content mkdf-eh-custom-1693\" style=\"padding: 0px 0px 0px 312px\">\n\t\t\t<div class=\"mkdf-single-image-holder\">\n    <div class=\"mkdf-si-inner\" >\n                                    <img loading=\"lazy\" decoding=\"async\" width=\"1800\" height=\"840\" src=\"https:\/\/www.louistourtin.com\/wp-content\/uploads\/2024\/05\/vigne.jpg\" class=\"attachment-full size-full\" alt=\"\" srcset=\"https:\/\/www.louistourtin.com\/wp-content\/uploads\/2024\/05\/vigne.jpg 1800w, https:\/\/www.louistourtin.com\/wp-content\/uploads\/2024\/05\/vigne-600x280.jpg 600w, https:\/\/www.louistourtin.com\/wp-content\/uploads\/2024\/05\/vigne-300x140.jpg 300w, https:\/\/www.louistourtin.com\/wp-content\/uploads\/2024\/05\/vigne-1024x478.jpg 1024w, https:\/\/www.louistourtin.com\/wp-content\/uploads\/2024\/05\/vigne-768x358.jpg 768w, https:\/\/www.louistourtin.com\/wp-content\/uploads\/2024\/05\/vigne-1536x717.jpg 1536w\" sizes=\"auto, (max-width: 1800px) 100vw, 1800px\" \/>                        <\/div>\n<\/div>\t\t<\/div>\n\t<\/div>\n<\/div><\/div><\/div><\/div><\/div><\/div><div class=\"mkdf-row-grid-section-wrapper mkdf-content-aligment-left\"  ><div class=\"mkdf-row-grid-section\"><div class=\"vc_row wpb_row vc_row-fluid vc_custom_1543491206396\" ><div class=\"wpb_column vc_column_container vc_col-sm-12 vc_col-lg-offset-2 vc_col-lg-8 vc_col-md-offset-1 vc_col-md-10 vc_col-sm-offset-0 vc_col-xs-12\"><div class=\"vc_column-inner\"><div class=\"wpb_wrapper\"><div class=\"vc_row wpb_row vc_inner vc_row-fluid mkdf-content-aligment-left\" ><div class=\"wpb_column vc_column_container vc_col-sm-4\"><div class=\"vc_column-inner\"><div class=\"wpb_wrapper\"><div class=\"mkdf-iwt clearfix  mkdf-iwt-icon-top mkdf-iwt-icon-medium\">\n\t<div class=\"mkdf-iwt-icon\">\n\t\t\t\t\t\t\t\t\t<img loading=\"lazy\" decoding=\"async\" width=\"36\" height=\"34\" src=\"https:\/\/www.louistourtin.com\/wp-content\/uploads\/2018\/11\/h1-img-2.png\" class=\"attachment-full size-full\" alt=\"a\" \/>\t\t\t\t\t\t<\/div>\n\t<div class=\"mkdf-iwt-content\" >\n\t\t\t\t\t<h6 class=\"mkdf-iwt-title\" >\n\t\t\t\t\t\t\t\t<span class=\"mkdf-iwt-title-text\">Geography<\/span>\n\t\t\t\t\t\t\t<\/h6>\n\t\t\t\t\t\t\t<p class=\"mkdf-iwt-text\" >\n\t\t\t\tSouthern Rh\u00f4ne Valley, Rochegude, in the Dr\u00f4me department (26)\t\t\t<\/p>\n\t\t\t<\/div>\n<\/div><div class=\"vc_empty_space\"   style=\"height: 50px\"><span class=\"vc_empty_space_inner\"><\/span><\/div><\/div><\/div><\/div><div class=\"wpb_column vc_column_container vc_col-sm-4\"><div class=\"vc_column-inner\"><div class=\"wpb_wrapper\"><div class=\"mkdf-iwt clearfix  mkdf-iwt-icon-top mkdf-iwt-icon-medium\">\n\t<div class=\"mkdf-iwt-icon\">\n\t\t\t\t\t\t\t\t\t<img loading=\"lazy\" decoding=\"async\" width=\"35\" height=\"34\" src=\"https:\/\/www.louistourtin.com\/wp-content\/uploads\/2018\/11\/h1-img-3.png\" class=\"attachment-full size-full\" alt=\"s\" \/>\t\t\t\t\t\t<\/div>\n\t<div class=\"mkdf-iwt-content\" >\n\t\t\t\t\t<h6 class=\"mkdf-iwt-title\" >\n\t\t\t\t\t\t\t\t<span class=\"mkdf-iwt-title-text\">Climate<\/span>\n\t\t\t\t\t\t\t<\/h6>\n\t\t\t\t\t\t\t<p class=\"mkdf-iwt-text\" >\n\t\t\t\tMediterranean climate, characterized by hot and dry summers and the presence of the mistral\t\t\t<\/p>\n\t\t\t<\/div>\n<\/div><div class=\"vc_empty_space\"   style=\"height: 50px\"><span class=\"vc_empty_space_inner\"><\/span><\/div><\/div><\/div><\/div><div class=\"wpb_column vc_column_container vc_col-sm-4\"><div class=\"vc_column-inner\"><div class=\"wpb_wrapper\"><div class=\"mkdf-iwt clearfix  mkdf-iwt-icon-top mkdf-iwt-icon-medium\">\n\t<div class=\"mkdf-iwt-icon\">\n\t\t\t\t\t\t\t\t\t<img loading=\"lazy\" decoding=\"async\" width=\"38\" height=\"34\" src=\"https:\/\/www.louistourtin.com\/wp-content\/uploads\/2018\/11\/h1-img-4.png\" class=\"attachment-full size-full\" alt=\"s\" \/>\t\t\t\t\t\t<\/div>\n\t<div class=\"mkdf-iwt-content\" >\n\t\t\t\t\t<h6 class=\"mkdf-iwt-title\" >\n\t\t\t\t\t\t\t\t<span class=\"mkdf-iwt-title-text\">Soils<\/span>\n\t\t\t\t\t\t\t<\/h6>\n\t\t\t\t\t\t\t<p class=\"mkdf-iwt-text\" >\n\t\t\t\tPliocene soils, consisting of alluvial deposits with sands, gravel, and clays with excellent drainage.\t\t\t<\/p>\n\t\t\t<\/div>\n<\/div><div class=\"vc_empty_space\"   style=\"height: 50px\"><span class=\"vc_empty_space_inner\"><\/span><\/div><\/div><\/div><\/div><\/div><\/div><\/div><\/div><\/div><\/div><\/div><div class=\"vc_row wpb_row vc_row-fluid\" ><div class=\"wpb_column vc_column_container vc_col-sm-12\"><div class=\"vc_column-inner\"><div class=\"wpb_wrapper\">\n\t<div  class=\"wpb_single_image wpb_content_element vc_align_center wpb_content_element\">\n\t\t\n\t\t<figure class=\"wpb_wrapper vc_figure\">\n\t\t\t<div class=\"vc_single_image-wrapper   vc_box_border_grey\"><img loading=\"lazy\" decoding=\"async\" width=\"799\" height=\"109\" src=\"https:\/\/www.louistourtin.com\/wp-content\/uploads\/2025\/03\/bande-vente-vin.png\" class=\"vc_single_image-img attachment-full\" alt=\"bande-prevention-vente-alccol\" title=\"bande-prevention-vente-alccol\" srcset=\"https:\/\/www.louistourtin.com\/wp-content\/uploads\/2025\/03\/bande-vente-vin.png 799w, https:\/\/www.louistourtin.com\/wp-content\/uploads\/2025\/03\/bande-vente-vin-300x41.png 300w, https:\/\/www.louistourtin.com\/wp-content\/uploads\/2025\/03\/bande-vente-vin-768x105.png 768w, https:\/\/www.louistourtin.com\/wp-content\/uploads\/2025\/03\/bande-vente-vin-18x2.png 18w, https:\/\/www.louistourtin.com\/wp-content\/uploads\/2025\/03\/bande-vente-vin-600x82.png 600w\" sizes=\"auto, (max-width: 799px) 100vw, 799px\" \/><\/div>\n\t\t<\/figure>\n\t<\/div>\n<\/div><\/div><\/div><\/div>\n<\/div>","protected":false},"excerpt":{"rendered":"Vall\u00e9e du Rh\u00f4ne Un terroir d'exception en continuelle \u00e9volution Situ\u00e9 \u00e0 Rochegude, dans le d\u00e9partement de la Dr\u00f4me (26), le Domaine du Gourget b\u00e9n\u00e9ficie d\u2019une localisation privil\u00e9gi\u00e9e, \u00e0 seulement vingt kilom\u00e8tres au nord-est d\u2019Orange. Au c\u0153ur des paysages embl\u00e9matiques des C\u00f4tes du Rh\u00f4ne m\u00e9ridionaux, le domaine se d\u00e9ploie entre le majestueux Rh\u00f4ne \u00e0 l'ouest et les contreforts pittoresques du Mont Ventoux \u00e0 l'est, offrant un cadre viticole d'exception. Notre terroir Un terroir influenc\u00e9 par [...]","protected":false},"author":1,"featured_media":0,"parent":0,"menu_order":0,"comment_status":"closed","ping_status":"closed","template":"full-width.php","meta":{"footnotes":""},"class_list":["post-516","page","type-page","status-publish","hentry"],"_links":{"self":[{"href":"https:\/\/www.louistourtin.com\/en\/wp-json\/wp\/v2\/pages\/516","targetHints":{"allow":["GET"]}}],"collection":[{"href":"https:\/\/www.louistourtin.com\/en\/wp-json\/wp\/v2\/pages"}],"about":[{"href":"https:\/\/www.louistourtin.com\/en\/wp-json\/wp\/v2\/types\/page"}],"author":[{"embeddable":true,"href":"https:\/\/www.louistourtin.com\/en\/wp-json\/wp\/v2\/users\/1"}],"replies":[{"embeddable":true,"href":"https:\/\/www.louistourtin.com\/en\/wp-json\/wp\/v2\/comments?post=516"}],"version-history":[{"count":6,"href":"https:\/\/www.louistourtin.com\/en\/wp-json\/wp\/v2\/pages\/516\/revisions"}],"predecessor-version":[{"id":4476,"href":"https:\/\/www.louistourtin.com\/en\/wp-json\/wp\/v2\/pages\/516\/revisions\/4476"}],"wp:attachment":[{"href":"https:\/\/www.louistourtin.com\/en\/wp-json\/wp\/v2\/media?parent=516"}],"curies":[{"name":"wp","href":"https:\/\/api.w.org\/{rel}","templated":true}]}}