{"id":443,"date":"2018-12-03T14:24:54","date_gmt":"2018-12-03T14:24:54","guid":{"rendered":"https:\/\/thelma.qodeinteractive.com\/?page_id=443"},"modified":"2025-03-04T13:03:11","modified_gmt":"2025-03-04T12:03:11","slug":"anne-la-vigneronne","status":"publish","type":"page","link":"https:\/\/www.louistourtin.com\/en\/anne-la-vigneronne\/","title":{"rendered":"Anne, the Winemaker"},"content":{"rendered":"<div class=\"wpb-content-wrapper\"><div class=\"mkdf-row-grid-section-wrapper\"  ><div class=\"mkdf-row-grid-section\"><div class=\"vc_row wpb_row vc_row-fluid vc_custom_1543850963036\" ><div class=\"wpb_column vc_column_container vc_col-sm-12 vc_col-lg-offset-0 vc_col-lg-5 vc_col-md-offset-0 vc_col-md-12 vc_col-sm-offset-0 vc_col-xs-12\"><div class=\"vc_column-inner\"><div class=\"wpb_wrapper\"><div class=\"mkdf-elements-holder   mkdf-one-column  mkdf-responsive-mode-768\" ><div class=\"mkdf-eh-item\"  data-item-class=\"mkdf-eh-custom-2724\" data-769-1024=\"0px 0px 0px 125px\" data-681-768=\"0px 0px 0px 38px\">\n\t<div class=\"mkdf-eh-item-inner\">\n\t\t<div class=\"mkdf-eh-item-content mkdf-eh-custom-2724\" style=\"padding: 0px 0% 0px 0%\">\n\t\t\t<div class=\"mkdf-single-image-holder\">\n    <div class=\"mkdf-si-inner\" >\n                                    <img loading=\"lazy\" decoding=\"async\" width=\"520\" height=\"629\" src=\"https:\/\/www.louistourtin.com\/wp-content\/uploads\/2024\/04\/Anne-Prandini-Sansone-Domaine-Louis-Tourtin-signature.jpg\" class=\"attachment-full size-full\" alt=\"Anne Prandini Sansone Domaine Louis Tourtin signature\" srcset=\"https:\/\/www.louistourtin.com\/wp-content\/uploads\/2024\/04\/Anne-Prandini-Sansone-Domaine-Louis-Tourtin-signature.jpg 520w, https:\/\/www.louistourtin.com\/wp-content\/uploads\/2024\/04\/Anne-Prandini-Sansone-Domaine-Louis-Tourtin-signature-248x300.jpg 248w\" sizes=\"auto, (max-width: 520px) 100vw, 520px\" \/>                        <\/div>\n<\/div><div class=\"vc_empty_space\"   style=\"height: 50px\"><span class=\"vc_empty_space_inner\"><\/span><\/div>\t\t<\/div>\n\t<\/div>\n<\/div><\/div><\/div><\/div><\/div><div class=\"wpb_column vc_column_container vc_col-sm-12 vc_col-lg-offset-0 vc_col-lg-7 vc_col-md-offset-0 vc_col-md-12 vc_col-sm-offset-0 vc_col-xs-12\"><div class=\"vc_column-inner\"><div class=\"wpb_wrapper\"><div class=\"mkdf-elements-holder   mkdf-one-column  mkdf-responsive-mode-768\" ><div class=\"mkdf-eh-item\"  data-item-class=\"mkdf-eh-custom-5668\" data-1367-1600=\"53px 0px 0px 100px\" data-1025-1366=\"37px 0px 0px 33px\" data-769-1024=\"53px 123px 22px 124px\" data-681-768=\"53px 30px 46px 37px\" data-680=\"53px 0px 40px 0px\">\n\t<div class=\"mkdf-eh-item-inner\">\n\t\t<div class=\"mkdf-eh-item-content mkdf-eh-custom-5668\" style=\"padding: 53px 0px 0px 100px\">\n\t\t\t<div class=\"mkdf-section-title-holder  mkdf-st-standard mkdf-st-title-left mkdf-st-normal-space\" >\n\t<div class=\"mkdf-st-inner\">\n\t\t\t\t\t<span class=\"mkdf-st-subtitle\" >\n\t\t\t\tWho Am I?\t\t\t<\/span>\n\t\t\t\t\t\t\t<h2 class=\"mkdf-st-title\" >\n\t\t\t\tAnne Sansone,<br \/> Owner &amp; Winemaker\t\t\t<\/h2>\n\t\t\t\t\t\t\t<h4 class=\"mkdf-st-text\" >\n\t\t\t\tAt the head of Domaine Louis Tourtin since 2005, Anne represents the fourth generation of the Tourtin family, passionately and devotedly cultivating this iconic vineyard in the Dr\u00f4me Proven\u00e7ale, located not far from Orange. Trained at the Lyc\u00e9e Viticole d'Orange where she obtained a BTSA in Viticulture and Oenology, Anne took the reins of the family estate and achieved organic certification in 2014, demonstrating her deep commitment to environmentally friendly practices.\t\t\t<\/h4>\n\t\t\t<\/div>\n<\/div><div class=\"vc_empty_space\"   style=\"height: 45px\"><span class=\"vc_empty_space_inner\"><\/span><\/div>\t\t<\/div>\n\t<\/div>\n<\/div><\/div><\/div><\/div><\/div><\/div><\/div><\/div><div class=\"mkdf-row-grid-section-wrapper mkdf-parallax-row-holder\" data-parallax-bg-image=\"https:\/\/www.louistourtin.com\/wp-content\/uploads\/2024\/05\/Anne-Prandini-Sansone-Domaine-Louis-Tourtin-caveau-de-vente.jpg\" data-parallax-bg-speed=\"1\" ><div class=\"mkdf-row-grid-section\"><div class=\"vc_row wpb_row vc_row-fluid\" ><div class=\"wpb_column vc_column_container vc_col-sm-12\"><div class=\"vc_column-inner\"><div class=\"wpb_wrapper\"><div class=\"mkdf-elements-holder   mkdf-one-column  mkdf-responsive-mode-768\" ><div class=\"mkdf-eh-item\"  data-item-class=\"mkdf-eh-custom-6058\" data-1367-1600=\"550px 0px 0px 0px\" data-1025-1366=\"500px 0px 0px 0px\">\n\t<div class=\"mkdf-eh-item-inner\">\n\t\t<div class=\"mkdf-eh-item-content mkdf-eh-custom-6058\" style=\"padding: 785px 0px 0px 0px\">\n\t\t\t\t\t<\/div>\n\t<\/div>\n<\/div><\/div><\/div><\/div><\/div><\/div><\/div><\/div><div class=\"mkdf-row-grid-section-wrapper\"  ><div class=\"mkdf-row-grid-section\"><div class=\"vc_row wpb_row vc_row-fluid vc_custom_1543851982202\" ><div class=\"wpb_column vc_column_container vc_col-sm-12 vc_col-lg-offset-0 vc_col-lg-7 vc_col-md-offset-0 vc_col-md-12 vc_col-sm-offset-0 vc_col-xs-12\"><div class=\"vc_column-inner\"><div class=\"wpb_wrapper\"><div class=\"mkdf-elements-holder   mkdf-one-column  mkdf-responsive-mode-768\" ><div class=\"mkdf-eh-item\"  data-item-class=\"mkdf-eh-custom-6483\" data-1367-1600=\"82px 93px 0px 0px\" data-1025-1366=\"34px 33px 0px 0px\" data-769-1024=\"0px 123px 0px 124px\" data-681-768=\"0px 31px 0px 35px\" data-680=\"0px 0px 0px 0px\">\n\t<div class=\"mkdf-eh-item-inner\">\n\t\t<div class=\"mkdf-eh-item-content mkdf-eh-custom-6483\" style=\"padding: 82px 93px 0px 0px\">\n\t\t\t<div class=\"mkdf-section-title-holder  mkdf-st-standard mkdf-st-title-left mkdf-st-normal-space\" >\n\t<div class=\"mkdf-st-inner\">\n\t\t\t\t\t<span class=\"mkdf-st-subtitle\" >\n\t\t\t\tDomaine Louis Tourtin\t\t\t<\/span>\n\t\t\t\t\t\t\t<h2 class=\"mkdf-st-title\" >\n\t\t\t\tA passion passed down<br \/> from generation to generation\t\t\t<\/h2>\n\t\t\t\t\t\t\t<h4 class=\"mkdf-st-text\" >\n\t\t\t\tCommitted and determined, Anne devotes all her energy to preserving the family heritage and expertise through each bottle of wine produced at Domaine Louis Tourtin.\t\t\t<\/h4>\n\t\t\t<\/div>\n<\/div><div class=\"vc_empty_space\"   style=\"height: 60px\"><span class=\"vc_empty_space_inner\"><\/span><\/div><a itemprop=\"url\" href=\"https:\/\/www.louistourtin.com\/en\/notre-histoire\/\" target=\"_self\" style=\"margin: 0px 0px 0px 30px\" class=\"mkdf-btn mkdf-btn-medium mkdf-btn-simple\"  >\n    <span class=\"mkdf-btn-text\">Discover our Story<\/span>\n    <\/a><div class=\"vc_empty_space\"   style=\"height: 110px\"><span class=\"vc_empty_space_inner\"><\/span><\/div>\t\t<\/div>\n\t<\/div>\n<\/div><\/div><\/div><\/div><\/div><div class=\"wpb_column vc_column_container vc_col-sm-12 vc_col-lg-offset-0 vc_col-lg-5 vc_col-md-offset-0 vc_col-md-12 vc_col-sm-offset-0 vc_col-xs-12\"><div class=\"vc_column-inner\"><div class=\"wpb_wrapper\"><div class=\"mkdf-elements-holder   mkdf-one-column  mkdf-responsive-mode-768\" ><div class=\"mkdf-eh-item\"  data-item-class=\"mkdf-eh-custom-1006\" data-769-1024=\"0px 122px 0px 124px\" data-681-768=\"0px 41px 0px 36px\">\n\t<div class=\"mkdf-eh-item-inner\">\n\t\t<div class=\"mkdf-eh-item-content mkdf-eh-custom-1006\" style=\"padding: 0px 21% 0px 0%\">\n\t\t\t<div class=\"mkdf-single-image-holder\">\n    <div class=\"mkdf-si-inner\" >\n                                    <img loading=\"lazy\" decoding=\"async\" width=\"1500\" height=\"1000\" src=\"https:\/\/www.louistourtin.com\/wp-content\/uploads\/2024\/05\/1804.jpg\" class=\"attachment-full size-full\" alt=\"\" srcset=\"https:\/\/www.louistourtin.com\/wp-content\/uploads\/2024\/05\/1804.jpg 1500w, https:\/\/www.louistourtin.com\/wp-content\/uploads\/2024\/05\/1804-600x400.jpg 600w, https:\/\/www.louistourtin.com\/wp-content\/uploads\/2024\/05\/1804-300x200.jpg 300w, https:\/\/www.louistourtin.com\/wp-content\/uploads\/2024\/05\/1804-1024x683.jpg 1024w, https:\/\/www.louistourtin.com\/wp-content\/uploads\/2024\/05\/1804-768x512.jpg 768w\" sizes=\"auto, (max-width: 1500px) 100vw, 1500px\" \/>                        <\/div>\n<\/div><div class=\"vc_empty_space\"   style=\"height: 110px\"><span class=\"vc_empty_space_inner\"><\/span><\/div>\t\t<\/div>\n\t<\/div>\n<\/div><\/div><\/div><\/div><\/div><\/div><\/div><\/div><div class=\"vc_row wpb_row vc_row-fluid\" ><div class=\"wpb_column vc_column_container vc_col-sm-12\"><div class=\"vc_column-inner\"><div class=\"wpb_wrapper\">\n\t<div  class=\"wpb_single_image wpb_content_element vc_align_center wpb_content_element\">\n\t\t\n\t\t<figure class=\"wpb_wrapper vc_figure\">\n\t\t\t<div class=\"vc_single_image-wrapper   vc_box_border_grey\"><img loading=\"lazy\" decoding=\"async\" width=\"799\" height=\"109\" src=\"https:\/\/www.louistourtin.com\/wp-content\/uploads\/2025\/03\/bande-vente-vin.png\" class=\"vc_single_image-img attachment-full\" alt=\"bande-prevention-vente-alccol\" title=\"bande-prevention-vente-alccol\" srcset=\"https:\/\/www.louistourtin.com\/wp-content\/uploads\/2025\/03\/bande-vente-vin.png 799w, https:\/\/www.louistourtin.com\/wp-content\/uploads\/2025\/03\/bande-vente-vin-300x41.png 300w, https:\/\/www.louistourtin.com\/wp-content\/uploads\/2025\/03\/bande-vente-vin-768x105.png 768w, https:\/\/www.louistourtin.com\/wp-content\/uploads\/2025\/03\/bande-vente-vin-18x2.png 18w, https:\/\/www.louistourtin.com\/wp-content\/uploads\/2025\/03\/bande-vente-vin-600x82.png 600w\" sizes=\"auto, (max-width: 799px) 100vw, 799px\" \/><\/div>\n\t\t<\/figure>\n\t<\/div>\n<\/div><\/div><\/div><\/div>\n<\/div>","protected":false},"excerpt":{"rendered":"Qui suis je ? Anne Sansone, propri\u00e9taire et vigneronne \u00c0 la t\u00eate du Domaine Louis Tourtin depuis 2005, Anne repr\u00e9sente la quatri\u00e8me g\u00e9n\u00e9ration de la famille Tourtin qui cultive avec passion et d\u00e9vouement ce vignoble embl\u00e9matique de la Dr\u00f4me proven\u00e7ale, situ\u00e9 non loin d'Orange. Form\u00e9e au Lyc\u00e9e viticole d'Orange o\u00f9 elle a obtenu un BTSA en Viticulture-\u0152nologie, Anne a pris les r\u00eanes du domaine familial et a obtenu la certification biologique en 2014, t\u00e9moignant [...]","protected":false},"author":1,"featured_media":0,"parent":0,"menu_order":0,"comment_status":"closed","ping_status":"closed","template":"full-width.php","meta":{"footnotes":""},"class_list":["post-443","page","type-page","status-publish","hentry"],"_links":{"self":[{"href":"https:\/\/www.louistourtin.com\/en\/wp-json\/wp\/v2\/pages\/443","targetHints":{"allow":["GET"]}}],"collection":[{"href":"https:\/\/www.louistourtin.com\/en\/wp-json\/wp\/v2\/pages"}],"about":[{"href":"https:\/\/www.louistourtin.com\/en\/wp-json\/wp\/v2\/types\/page"}],"author":[{"embeddable":true,"href":"https:\/\/www.louistourtin.com\/en\/wp-json\/wp\/v2\/users\/1"}],"replies":[{"embeddable":true,"href":"https:\/\/www.louistourtin.com\/en\/wp-json\/wp\/v2\/comments?post=443"}],"version-history":[{"count":7,"href":"https:\/\/www.louistourtin.com\/en\/wp-json\/wp\/v2\/pages\/443\/revisions"}],"predecessor-version":[{"id":4050,"href":"https:\/\/www.louistourtin.com\/en\/wp-json\/wp\/v2\/pages\/443\/revisions\/4050"}],"wp:attachment":[{"href":"https:\/\/www.louistourtin.com\/en\/wp-json\/wp\/v2\/media?parent=443"}],"curies":[{"name":"wp","href":"https:\/\/api.w.org\/{rel}","templated":true}]}}