{"id":294,"date":"2018-11-30T14:59:49","date_gmt":"2018-11-30T14:59:49","guid":{"rendered":"https:\/\/thelma.qodeinteractive.com\/?page_id=294"},"modified":"2025-05-19T12:08:34","modified_gmt":"2025-05-19T10:08:34","slug":"notre-histoire","status":"publish","type":"page","link":"https:\/\/www.louistourtin.com\/en\/notre-histoire\/","title":{"rendered":"Our Story"},"content":{"rendered":"<div class=\"wpb-content-wrapper\"><div class=\"mkdf-row-grid-section-wrapper\"  ><div class=\"mkdf-row-grid-section\"><div class=\"vc_row wpb_row vc_row-fluid vc_custom_1543488996481\" ><div class=\"wpb_column vc_column_container vc_col-sm-12 vc_col-lg-offset-2 vc_col-lg-8 vc_col-md-offset-1 vc_col-md-10 vc_col-sm-offset-0 vc_col-xs-12\"><div class=\"vc_column-inner\"><div class=\"wpb_wrapper\"><div class=\"mkdf-section-title-holder  mkdf-st-standard mkdf-st-title-left mkdf-st-normal-space\" >\n\t<div class=\"mkdf-st-inner\">\n\t\t\t\t\t<span class=\"mkdf-st-subtitle\" >\n\t\t\t\tSince 1925\t\t\t<\/span>\n\t\t\t\t\t\t\t<h2 class=\"mkdf-st-title\" >\n\t\t\t\tFoundation and family heritage<br \/>\t\t\t<\/h2>\n\t\t\t\t\t\t\t<h4 class=\"mkdf-st-text\" >\n\t\t\t\tFond\u00e9 en 1925 par la famille Tourtin, le Domaine est aujourd\u2019hui dirig\u00e9 par Anne, qui repr\u00e9sente fi\u00e8rement la quatri\u00e8me g\u00e9n\u00e9ration. Situ\u00e9e au c\u0153ur de la Dr\u00f4me Proven\u00e7ale, la propri\u00e9t\u00e9 \u00e9tendue sur 34 hectares ,perp\u00e9tue un h\u00e9ritage de passion et d'excellence.\t\t\t<\/h4>\n\t\t\t<\/div>\n<\/div><\/div><\/div><\/div><\/div><\/div><\/div><div data-parallax-bg-image=\"https:\/\/www.louistourtin.com\/wp-content\/uploads\/2019\/01\/h1-img-9.jpg\" data-parallax-bg-speed=\"1\" class=\"vc_row wpb_row vc_row-fluid vc_custom_1547024279008 mkdf-parallax-row-holder\" style=\"background-image: url()\"><div class=\"wpb_column vc_column_container vc_col-sm-12\"><div class=\"vc_column-inner\"><div class=\"wpb_wrapper\"><div class=\"mkdf-row-grid-section-wrapper\" ><div class=\"mkdf-row-grid-section\"><div class=\"vc_row wpb_row vc_inner vc_row-fluid vc_custom_1543496823134\" ><div class=\"wpb_column vc_column_container vc_col-sm-12 vc_col-lg-offset-2 vc_col-lg-8 vc_col-md-offset-1 vc_col-md-10 vc_col-sm-offset-0 vc_col-xs-12\"><div class=\"vc_column-inner\"><div class=\"wpb_wrapper\"><div class=\"mkdf-section-title-holder  mkdf-st-standard mkdf-st-title-left mkdf-st-normal-space mkdf-st-disable-title-break\" >\n\t<div class=\"mkdf-st-inner\">\n\t\t\t\t\t<span class=\"mkdf-st-subtitle\" style=\"color: #ffffff\">\n\t\t\t\tThe Tourtin family\t\t\t<\/span>\n\t\t\t\t\t\t\t<h2 class=\"mkdf-st-title\" style=\"color: #ffffff\">\n\t\t\t\tTimeline\t\t\t<\/h2>\n\t\t\t\t\t<\/div>\n<\/div><\/div><\/div><\/div><\/div><\/div><\/div><div class=\"vc_row wpb_row vc_inner vc_row-fluid\" ><div class=\"wpb_column vc_column_container vc_col-sm-12\"><div class=\"vc_column-inner\"><div class=\"wpb_wrapper\"><div class=\"mkdf-elements-holder   mkdf-one-column  mkdf-responsive-mode-768\" ><div class=\"mkdf-eh-item\"  data-item-class=\"mkdf-eh-custom-9682\" data-1367-1600=\"0px 0px 0px 285px\" data-1025-1366=\"0px 0px 0px 270px\" data-769-1024=\"0px 0px 0px 187px\" data-681-768=\"0px 0px 0px 72px\" data-680=\"0px 0px 0px 29px\">\n\t<div class=\"mkdf-eh-item-inner\">\n\t\t<div class=\"mkdf-eh-item-content mkdf-eh-custom-9682\" style=\"padding: 0px 0px 0px 524px\">\n\t\t\t<div class=\"mkdf-roadmap  mkdf-roadmap-skin-light\">\n    <div class=\"mkdf-roadmap-line\"><\/div>\n            <div class=\"mkdf-roadmap-inner-holder clearfix\">\n                    <div class=\"mkdf-roadmap-item mkdf-roadmap-item-below\">\n                <div class=\"mkdf-roadmap-item-slash-holder\">\n                    <div class=\"mkdf-roadmap-item-before-slash\"><\/div>\n                    <div class=\"mkdf-roadmap-item-slash\"><\/div>\n                    <div class=\"mkdf-roadmap-item-after-slash\"><\/div>\n                <\/div>\n                <div class=\"mkdf-roadmap-item-stage-title-holder\">\n                    <span class=\"mkdf-ris-title\">\n                        1925                    <\/span>\n                <\/div>\n                <div class=\"mkdf-roadmap-item-content-holder\" >\n                    <h6 class=\"mkdf-ric-title\">\n                        Foundation                    <\/h6>\n                    <div class=\"mkdf-ric-content\">\n                        Creation of the family estate                    <\/div>\n                <\/div>\n            <\/div>\n                    <div class=\"mkdf-roadmap-item mkdf-roadmap-item-above\">\n                <div class=\"mkdf-roadmap-item-slash-holder\">\n                    <div class=\"mkdf-roadmap-item-before-slash\"><\/div>\n                    <div class=\"mkdf-roadmap-item-slash\"><\/div>\n                    <div class=\"mkdf-roadmap-item-after-slash\"><\/div>\n                <\/div>\n                <div class=\"mkdf-roadmap-item-stage-title-holder\">\n                    <span class=\"mkdf-ris-title\">\n                        1966                    <\/span>\n                <\/div>\n                <div class=\"mkdf-roadmap-item-content-holder\" >\n                    <h6 class=\"mkdf-ric-title\">\n                        Appellation Rochegude Villages for the entire vineyard                    <\/h6>\n                    <div class=\"mkdf-ric-content\">\n                        Since its origins, the estate has been distinguished by a remarkable consistency in the quality of its productions, leading to the classification of its entire vineyard as Appellation Rochegude Villages in 1966.                    <\/div>\n                <\/div>\n            <\/div>\n                    <div class=\"mkdf-roadmap-item mkdf-roadmap-item-below\">\n                <div class=\"mkdf-roadmap-item-slash-holder\">\n                    <div class=\"mkdf-roadmap-item-before-slash\"><\/div>\n                    <div class=\"mkdf-roadmap-item-slash\"><\/div>\n                    <div class=\"mkdf-roadmap-item-after-slash\"><\/div>\n                <\/div>\n                <div class=\"mkdf-roadmap-item-stage-title-holder\">\n                    <span class=\"mkdf-ris-title\">\n                        1969                    <\/span>\n                <\/div>\n                <div class=\"mkdf-roadmap-item-content-holder\" >\n                    <h6 class=\"mkdf-ric-title\">\n                        Investments in the cellar                    <\/h6>\n                    <div class=\"mkdf-ric-content\">\n                        The estate took a significant step in its development with the construction of an underground cellar dedicated to aging its wines, equipping itself with a modern bottling unit, integrating an advanced cooling system for the winemaking cellar, and installing air conditioning in the shipping cellar.                    <\/div>\n                <\/div>\n            <\/div>\n                    <div class=\"mkdf-roadmap-item mkdf-roadmap-item-above mkdf-roadmap-reached-item\">\n                <div class=\"mkdf-roadmap-item-slash-holder\">\n                    <div class=\"mkdf-roadmap-item-before-slash\"><\/div>\n                    <div class=\"mkdf-roadmap-item-slash\"><\/div>\n                    <div class=\"mkdf-roadmap-item-after-slash\"><\/div>\n                <\/div>\n                <div class=\"mkdf-roadmap-item-stage-title-holder\">\n                    <span class=\"mkdf-ris-title\">\n                        1989                    <\/span>\n                <\/div>\n                <div class=\"mkdf-roadmap-item-content-holder\" >\n                    <h6 class=\"mkdf-ric-title\">\n                        Tasting Room                    <\/h6>\n                    <div class=\"mkdf-ric-content\">\n                        The estate enriches its wine tourism offerings by opening a sales cellar. This welcoming place allows visitors to discover and purchase the estate's wines directly, while enjoying an immersion into the wine world through guided tastings and explanatory tours of the winemaking process.                    <\/div>\n                <\/div>\n            <\/div>\n                    <div class=\"mkdf-roadmap-item mkdf-roadmap-item-below\">\n                <div class=\"mkdf-roadmap-item-slash-holder\">\n                    <div class=\"mkdf-roadmap-item-before-slash\"><\/div>\n                    <div class=\"mkdf-roadmap-item-slash\"><\/div>\n                    <div class=\"mkdf-roadmap-item-after-slash\"><\/div>\n                <\/div>\n                <div class=\"mkdf-roadmap-item-stage-title-holder\">\n                    <span class=\"mkdf-ris-title\">\n                        1998                    <\/span>\n                <\/div>\n                <div class=\"mkdf-roadmap-item-content-holder\" >\n                    <h6 class=\"mkdf-ric-title\">\n                        Sustainable viticulture                    <\/h6>\n                    <div class=\"mkdf-ric-content\">\n                        Commitment to a sustainable viticulture approach.                    <\/div>\n                <\/div>\n            <\/div>\n                    <div class=\"mkdf-roadmap-item mkdf-roadmap-item-above\">\n                <div class=\"mkdf-roadmap-item-slash-holder\">\n                    <div class=\"mkdf-roadmap-item-before-slash\"><\/div>\n                    <div class=\"mkdf-roadmap-item-slash\"><\/div>\n                    <div class=\"mkdf-roadmap-item-after-slash\"><\/div>\n                <\/div>\n                <div class=\"mkdf-roadmap-item-stage-title-holder\">\n                    <span class=\"mkdf-ris-title\">\n                        2005                    <\/span>\n                <\/div>\n                <div class=\"mkdf-roadmap-item-content-holder\" >\n                    <h6 class=\"mkdf-ric-title\">\n                        Anne's arrival                    <\/h6>\n                    <div class=\"mkdf-ric-content\">\n                        Anne, the fourth generation, takes over the management of the estate.                    <\/div>\n                <\/div>\n            <\/div>\n                    <div class=\"mkdf-roadmap-item mkdf-roadmap-item-below\">\n                <div class=\"mkdf-roadmap-item-slash-holder\">\n                    <div class=\"mkdf-roadmap-item-before-slash\"><\/div>\n                    <div class=\"mkdf-roadmap-item-slash\"><\/div>\n                    <div class=\"mkdf-roadmap-item-after-slash\"><\/div>\n                <\/div>\n                <div class=\"mkdf-roadmap-item-stage-title-holder\">\n                    <span class=\"mkdf-ris-title\">\n                        2010                    <\/span>\n                <\/div>\n                <div class=\"mkdf-roadmap-item-content-holder\" >\n                    <h6 class=\"mkdf-ric-title\">\n                        Conversion to organic farming                    <\/h6>\n                    <div class=\"mkdf-ric-content\">\n                        Conversion to organic farming, with the continuous support of an agronomy engineer.                    <\/div>\n                <\/div>\n            <\/div>\n                    <div class=\"mkdf-roadmap-item mkdf-roadmap-item-above\">\n                <div class=\"mkdf-roadmap-item-slash-holder\">\n                    <div class=\"mkdf-roadmap-item-before-slash\"><\/div>\n                    <div class=\"mkdf-roadmap-item-slash\"><\/div>\n                    <div class=\"mkdf-roadmap-item-after-slash\"><\/div>\n                <\/div>\n                <div class=\"mkdf-roadmap-item-stage-title-holder\">\n                    <span class=\"mkdf-ris-title\">\n                        2014                     <\/span>\n                <\/div>\n                <div class=\"mkdf-roadmap-item-content-holder\" >\n                    <h6 class=\"mkdf-ric-title\">\n                        Organic Cerification                    <\/h6>\n                    <div class=\"mkdf-ric-content\">\n                        Obtaining Organic Farming certification, affirming our commitment to environmentally friendly and sustainable practices.                    <\/div>\n                <\/div>\n            <\/div>\n                    <div class=\"mkdf-roadmap-item mkdf-roadmap-item-below\">\n                <div class=\"mkdf-roadmap-item-slash-holder\">\n                    <div class=\"mkdf-roadmap-item-before-slash\"><\/div>\n                    <div class=\"mkdf-roadmap-item-slash\"><\/div>\n                    <div class=\"mkdf-roadmap-item-after-slash\"><\/div>\n                <\/div>\n                <div class=\"mkdf-roadmap-item-stage-title-holder\">\n                    <span class=\"mkdf-ris-title\">\n                        2022                    <\/span>\n                <\/div>\n                <div class=\"mkdf-roadmap-item-content-holder\" >\n                    <h6 class=\"mkdf-ric-title\">\n                        No added sulfites                    <\/h6>\n                    <div class=\"mkdf-ric-content\">\n                        Anne takes her approach further by creating her first cuv\u00e9e without added sulfites, \"Libre comme l'air\".                    <\/div>\n                <\/div>\n            <\/div>\n                <\/div>\n    \t<div class=\"mkdf-rm-nav-holder\">\n\t\t<div class=\"mkdf-rl-arrow-left\">\n\t\t\t<svg xmlns=\"http:\/\/www.w3.org\/2000\/svg\" xmlns:xlink=\"http:\/\/www.w3.org\/1999\/xlink\" x=\"0px\" y=\"0px\"\n\t\twidth=\"13\" height=\"23\" viewbox=\"0 0 15 29\" enable-background=\"new 0 0 15 29\" xml:space=\"preserve\">\n\t\t<g>\n\t\t\t<polygon fill=\"currentColor\" points=\"14.427,0.13 14.993,0.697 1.13,14.556 14.993,28.416 14.427,28.979 0,14.556 \t\"\/>\n\t\t<\/g>\n\t\t<\/svg>\t\t<\/div>\n\t\t<div class=\"mkdf-rl-arrow-right\">\n\t\t\t<svg xmlns=\"http:\/\/www.w3.org\/2000\/svg\" xmlns:xlink=\"http:\/\/www.w3.org\/1999\/xlink\" x=\"0px\" y=\"0px\"\n\t\twidth=\"13\" height=\"23\" viewbox=\"0 0 15 29\" enable-background=\"new 0 0 15 29\" xml:space=\"preserve\">\n\t\t<g>\n\t\t\t<polygon fill=\"currentColor\" points=\"14.427,0.13 14.993,0.697 1.13,14.556 14.993,28.416 14.427,28.979 0,14.556 \t\"\/>\n\t\t<\/g>\n\t\t<\/svg>\t\t<\/div>\n\t<\/div>\n<\/div>\t\t<\/div>\n\t<\/div>\n<\/div><\/div><\/div><\/div><\/div><\/div><\/div><\/div><\/div><\/div><div class=\"vc_row wpb_row vc_row-fluid mkdf-custom-class-offset vc_custom_1545900441230\" ><div class=\"wpb_column vc_column_container vc_col-sm-12\"><div class=\"vc_column-inner\"><div class=\"wpb_wrapper\"><div class=\"mkdf-image-gallery  mkdf-ig-carousel-type mkdf-three-columns mkdf-tiny-space\">\n\t<div class=\"mkdf-ig-slider mkdf-owl-slider\" data-number-of-items=\"3\" data-enable-loop=\"yes\" data-enable-autoplay=\"yes\" data-slider-speed=\"3000\" data-slider-speed-animation=\"400\" data-slider-padding=\"no\" data-enable-navigation=\"no\" data-enable-pagination=\"no\">\n\t\t\t\t\t<div class=\"mkdf-ig-image\">\n\t\t\t\t\t\t\t\t\t<img loading=\"lazy\" decoding=\"async\" width=\"1080\" height=\"1920\" src=\"https:\/\/www.louistourtin.com\/wp-content\/uploads\/2024\/05\/1-5.jpg\" class=\"attachment-full size-full\" alt=\"\" srcset=\"https:\/\/www.louistourtin.com\/wp-content\/uploads\/2024\/05\/1-5.jpg 1080w, https:\/\/www.louistourtin.com\/wp-content\/uploads\/2024\/05\/1-5-169x300.jpg 169w, https:\/\/www.louistourtin.com\/wp-content\/uploads\/2024\/05\/1-5-576x1024.jpg 576w, https:\/\/www.louistourtin.com\/wp-content\/uploads\/2024\/05\/1-5-768x1365.jpg 768w, https:\/\/www.louistourtin.com\/wp-content\/uploads\/2024\/05\/1-5-864x1536.jpg 864w, https:\/\/www.louistourtin.com\/wp-content\/uploads\/2024\/05\/1-5-600x1067.jpg 600w\" sizes=\"auto, (max-width: 1080px) 100vw, 1080px\" \/>\t\t\t\t\t\t\t<\/div>\n\t\t\t\t\t<div class=\"mkdf-ig-image\">\n\t\t\t\t\t\t\t\t\t<img loading=\"lazy\" decoding=\"async\" width=\"1080\" height=\"1920\" src=\"https:\/\/www.louistourtin.com\/wp-content\/uploads\/2024\/05\/2.jpg\" class=\"attachment-full size-full\" alt=\"\" srcset=\"https:\/\/www.louistourtin.com\/wp-content\/uploads\/2024\/05\/2.jpg 1080w, https:\/\/www.louistourtin.com\/wp-content\/uploads\/2024\/05\/2-600x1067.jpg 600w, https:\/\/www.louistourtin.com\/wp-content\/uploads\/2024\/05\/2-169x300.jpg 169w, https:\/\/www.louistourtin.com\/wp-content\/uploads\/2024\/05\/2-576x1024.jpg 576w, https:\/\/www.louistourtin.com\/wp-content\/uploads\/2024\/05\/2-768x1365.jpg 768w, https:\/\/www.louistourtin.com\/wp-content\/uploads\/2024\/05\/2-864x1536.jpg 864w\" sizes=\"auto, (max-width: 1080px) 100vw, 1080px\" \/>\t\t\t\t\t\t\t<\/div>\n\t\t\t\t\t<div class=\"mkdf-ig-image\">\n\t\t\t\t\t\t\t\t\t<img loading=\"lazy\" decoding=\"async\" width=\"1080\" height=\"1920\" src=\"https:\/\/www.louistourtin.com\/wp-content\/uploads\/2024\/05\/4.jpg\" class=\"attachment-full size-full\" alt=\"\" srcset=\"https:\/\/www.louistourtin.com\/wp-content\/uploads\/2024\/05\/4.jpg 1080w, https:\/\/www.louistourtin.com\/wp-content\/uploads\/2024\/05\/4-600x1067.jpg 600w, https:\/\/www.louistourtin.com\/wp-content\/uploads\/2024\/05\/4-169x300.jpg 169w, https:\/\/www.louistourtin.com\/wp-content\/uploads\/2024\/05\/4-576x1024.jpg 576w, https:\/\/www.louistourtin.com\/wp-content\/uploads\/2024\/05\/4-768x1365.jpg 768w, https:\/\/www.louistourtin.com\/wp-content\/uploads\/2024\/05\/4-864x1536.jpg 864w\" sizes=\"auto, (max-width: 1080px) 100vw, 1080px\" \/>\t\t\t\t\t\t\t<\/div>\n\t\t\t\t\t<div class=\"mkdf-ig-image\">\n\t\t\t\t\t\t\t\t\t<img loading=\"lazy\" decoding=\"async\" width=\"1080\" height=\"1920\" src=\"https:\/\/www.louistourtin.com\/wp-content\/uploads\/2024\/05\/5.jpg\" class=\"attachment-full size-full\" alt=\"\" srcset=\"https:\/\/www.louistourtin.com\/wp-content\/uploads\/2024\/05\/5.jpg 1080w, https:\/\/www.louistourtin.com\/wp-content\/uploads\/2024\/05\/5-600x1067.jpg 600w, https:\/\/www.louistourtin.com\/wp-content\/uploads\/2024\/05\/5-169x300.jpg 169w, https:\/\/www.louistourtin.com\/wp-content\/uploads\/2024\/05\/5-576x1024.jpg 576w, https:\/\/www.louistourtin.com\/wp-content\/uploads\/2024\/05\/5-768x1365.jpg 768w, https:\/\/www.louistourtin.com\/wp-content\/uploads\/2024\/05\/5-864x1536.jpg 864w\" sizes=\"auto, (max-width: 1080px) 100vw, 1080px\" \/>\t\t\t\t\t\t\t<\/div>\n\t\t\t\t\t<div class=\"mkdf-ig-image\">\n\t\t\t\t\t\t\t\t\t<img loading=\"lazy\" decoding=\"async\" width=\"1080\" height=\"1920\" src=\"https:\/\/www.louistourtin.com\/wp-content\/uploads\/2024\/05\/6.jpg\" class=\"attachment-full size-full\" alt=\"\" srcset=\"https:\/\/www.louistourtin.com\/wp-content\/uploads\/2024\/05\/6.jpg 1080w, https:\/\/www.louistourtin.com\/wp-content\/uploads\/2024\/05\/6-600x1067.jpg 600w, https:\/\/www.louistourtin.com\/wp-content\/uploads\/2024\/05\/6-169x300.jpg 169w, https:\/\/www.louistourtin.com\/wp-content\/uploads\/2024\/05\/6-576x1024.jpg 576w, https:\/\/www.louistourtin.com\/wp-content\/uploads\/2024\/05\/6-768x1365.jpg 768w, https:\/\/www.louistourtin.com\/wp-content\/uploads\/2024\/05\/6-864x1536.jpg 864w\" sizes=\"auto, (max-width: 1080px) 100vw, 1080px\" \/>\t\t\t\t\t\t\t<\/div>\n\t\t\t\t\t<div class=\"mkdf-ig-image\">\n\t\t\t\t\t\t\t\t\t<img loading=\"lazy\" decoding=\"async\" width=\"1080\" height=\"1920\" src=\"https:\/\/www.louistourtin.com\/wp-content\/uploads\/2024\/05\/7.jpg\" class=\"attachment-full size-full\" alt=\"\" srcset=\"https:\/\/www.louistourtin.com\/wp-content\/uploads\/2024\/05\/7.jpg 1080w, https:\/\/www.louistourtin.com\/wp-content\/uploads\/2024\/05\/7-600x1067.jpg 600w, https:\/\/www.louistourtin.com\/wp-content\/uploads\/2024\/05\/7-169x300.jpg 169w, https:\/\/www.louistourtin.com\/wp-content\/uploads\/2024\/05\/7-576x1024.jpg 576w, https:\/\/www.louistourtin.com\/wp-content\/uploads\/2024\/05\/7-768x1365.jpg 768w, https:\/\/www.louistourtin.com\/wp-content\/uploads\/2024\/05\/7-864x1536.jpg 864w\" sizes=\"auto, (max-width: 1080px) 100vw, 1080px\" \/>\t\t\t\t\t\t\t<\/div>\n\t\t\t\t\t<div class=\"mkdf-ig-image\">\n\t\t\t\t\t\t\t\t\t<img loading=\"lazy\" decoding=\"async\" width=\"1080\" height=\"1920\" src=\"https:\/\/www.louistourtin.com\/wp-content\/uploads\/2024\/05\/8.jpg\" class=\"attachment-full size-full\" alt=\"\" srcset=\"https:\/\/www.louistourtin.com\/wp-content\/uploads\/2024\/05\/8.jpg 1080w, https:\/\/www.louistourtin.com\/wp-content\/uploads\/2024\/05\/8-600x1067.jpg 600w, https:\/\/www.louistourtin.com\/wp-content\/uploads\/2024\/05\/8-169x300.jpg 169w, https:\/\/www.louistourtin.com\/wp-content\/uploads\/2024\/05\/8-576x1024.jpg 576w, https:\/\/www.louistourtin.com\/wp-content\/uploads\/2024\/05\/8-768x1365.jpg 768w, https:\/\/www.louistourtin.com\/wp-content\/uploads\/2024\/05\/8-864x1536.jpg 864w\" sizes=\"auto, (max-width: 1080px) 100vw, 1080px\" \/>\t\t\t\t\t\t\t<\/div>\n\t\t\t\t\t<div class=\"mkdf-ig-image\">\n\t\t\t\t\t\t\t\t\t<img loading=\"lazy\" decoding=\"async\" width=\"1080\" height=\"1920\" src=\"https:\/\/www.louistourtin.com\/wp-content\/uploads\/2024\/05\/9.jpg\" class=\"attachment-full size-full\" alt=\"\" srcset=\"https:\/\/www.louistourtin.com\/wp-content\/uploads\/2024\/05\/9.jpg 1080w, https:\/\/www.louistourtin.com\/wp-content\/uploads\/2024\/05\/9-600x1067.jpg 600w, https:\/\/www.louistourtin.com\/wp-content\/uploads\/2024\/05\/9-169x300.jpg 169w, https:\/\/www.louistourtin.com\/wp-content\/uploads\/2024\/05\/9-576x1024.jpg 576w, https:\/\/www.louistourtin.com\/wp-content\/uploads\/2024\/05\/9-768x1365.jpg 768w, https:\/\/www.louistourtin.com\/wp-content\/uploads\/2024\/05\/9-864x1536.jpg 864w\" sizes=\"auto, (max-width: 1080px) 100vw, 1080px\" \/>\t\t\t\t\t\t\t<\/div>\n\t\t\t<\/div>\n<\/div><\/div><\/div><\/div><\/div><div class=\"vc_row wpb_row vc_row-fluid\" ><div class=\"wpb_column vc_column_container vc_col-sm-12\"><div class=\"vc_column-inner\"><div class=\"wpb_wrapper\">\n\t<div  class=\"wpb_single_image wpb_content_element vc_align_center wpb_content_element\">\n\t\t\n\t\t<figure class=\"wpb_wrapper vc_figure\">\n\t\t\t<div class=\"vc_single_image-wrapper   vc_box_border_grey\"><img loading=\"lazy\" decoding=\"async\" width=\"799\" height=\"109\" src=\"https:\/\/www.louistourtin.com\/wp-content\/uploads\/2025\/03\/bande-vente-vin.png\" class=\"vc_single_image-img attachment-full\" alt=\"bande-prevention-vente-alccol\" title=\"bande-prevention-vente-alccol\" srcset=\"https:\/\/www.louistourtin.com\/wp-content\/uploads\/2025\/03\/bande-vente-vin.png 799w, https:\/\/www.louistourtin.com\/wp-content\/uploads\/2025\/03\/bande-vente-vin-300x41.png 300w, https:\/\/www.louistourtin.com\/wp-content\/uploads\/2025\/03\/bande-vente-vin-768x105.png 768w, https:\/\/www.louistourtin.com\/wp-content\/uploads\/2025\/03\/bande-vente-vin-18x2.png 18w, https:\/\/www.louistourtin.com\/wp-content\/uploads\/2025\/03\/bande-vente-vin-600x82.png 600w\" sizes=\"auto, (max-width: 799px) 100vw, 799px\" \/><\/div>\n\t\t<\/figure>\n\t<\/div>\n<\/div><\/div><\/div><\/div>\n<\/div>","protected":false},"excerpt":{"rendered":"Depuis 1925 Fondation et h\u00e9ritage familial Fond\u00e9 en 1925 par la famille Tourtin, le Domaine est aujourd\u2019hui dirig\u00e9 par Anne, qui repr\u00e9sente fi\u00e8rement la quatri\u00e8me g\u00e9n\u00e9ration. Situ\u00e9e au c\u0153ur de la Dr\u00f4me Proven\u00e7ale, la propri\u00e9t\u00e9 \u00e9tendue sur 34 hectares ,perp\u00e9tue un h\u00e9ritage de passion et d'excellence. La famille Tourtin Frise chronologique 1925 Fondation Cr\u00e9ation du domaine familial. 1966 Appellation Rochegude Villages de l\u2019ensemble du vignoble Depuis ses origines, le domaine se distingue par une [...]","protected":false},"author":1,"featured_media":0,"parent":0,"menu_order":0,"comment_status":"closed","ping_status":"closed","template":"full-width.php","meta":{"footnotes":""},"class_list":["post-294","page","type-page","status-publish","hentry"],"_links":{"self":[{"href":"https:\/\/www.louistourtin.com\/en\/wp-json\/wp\/v2\/pages\/294","targetHints":{"allow":["GET"]}}],"collection":[{"href":"https:\/\/www.louistourtin.com\/en\/wp-json\/wp\/v2\/pages"}],"about":[{"href":"https:\/\/www.louistourtin.com\/en\/wp-json\/wp\/v2\/types\/page"}],"author":[{"embeddable":true,"href":"https:\/\/www.louistourtin.com\/en\/wp-json\/wp\/v2\/users\/1"}],"replies":[{"embeddable":true,"href":"https:\/\/www.louistourtin.com\/en\/wp-json\/wp\/v2\/comments?post=294"}],"version-history":[{"count":10,"href":"https:\/\/www.louistourtin.com\/en\/wp-json\/wp\/v2\/pages\/294\/revisions"}],"predecessor-version":[{"id":4509,"href":"https:\/\/www.louistourtin.com\/en\/wp-json\/wp\/v2\/pages\/294\/revisions\/4509"}],"wp:attachment":[{"href":"https:\/\/www.louistourtin.com\/en\/wp-json\/wp\/v2\/media?parent=294"}],"curies":[{"name":"wp","href":"https:\/\/api.w.org\/{rel}","templated":true}]}}